{"id":229,"date":"2015-07-27T03:29:01","date_gmt":"2015-07-27T03:29:01","guid":{"rendered":"http:\/\/demo.oceanthemes.net\/archi\/?page_id=229"},"modified":"2025-03-07T21:34:54","modified_gmt":"2025-03-07T18:34:54","slug":"hakkimizda","status":"publish","type":"page","link":"https:\/\/fatihkarainsaat.com\/index.php\/hakkimizda\/","title":{"rendered":"Hakk\u0131m\u0131zda"},"content":{"rendered":"<div class=\"wpb-content-wrapper\"><p>[vc_row fullwidth=&#8221;yes&#8221; css=&#8221;.vc_custom_1474447060420{background-position: 0 0 !important;background-repeat: no-repeat !important;}&#8221; el_class=&#8221;side-bg no-padding&#8221;][vc_column]\t<!-- Element: OT Quick Office -->\n\t<div class=\"side-bg\">\n\n\t\t<div class=\"image-container hidden-xs pull-left col-md-5\" style=\"background-image:url(https:\/\/fatihkarainsaat.com\/wp-content\/uploads\/2025\/03\/fatihkarainsaathkmizda.png); ?>\" data-delay=\"0\"><\/div>\n\n\t\t<!-- Added this code in 26\/03\/2019 -->\n\t\t<img decoding=\"async\" class=\"visible-xs img-responsive\" src=\"https:\/\/fatihkarainsaat.com\/wp-content\/uploads\/2025\/03\/fatihkarainsaathkmizda.png\" \/>\n\n        <div class=\"container\">\n            <div class=\"row\">\n                <div class=\"inner-padding\">\n                    <div class=\"col-md-6 col-md-offset-6 wow fadeInRight\" data-wow-delay=\".2s\">\n                        <h2>GELECE\u011e\u0130 \u0130N\u015eA ED\u0130YORUZ<\/h2><br\/>\n                        <\/p>\n<p data-start=\"72\" data-end=\"313\"><strong>Fatih Kara \u0130n\u015faat olarak, sekt\u00f6rdeki k\u00f6kl\u00fc tecr\u00fcbemiz ve yenilik\u00e7i yakla\u015f\u0131m\u0131m\u0131zla yap\u0131 sekt\u00f6r\u00fcne de\u011fer kat\u0131yoruz. Modern, g\u00fcvenli ve estetik yap\u0131lar in\u015fa ederken kaliteyi, g\u00fcveni ve s\u00fcrd\u00fcr\u00fclebilirli\u011fi temel ilkelerimiz olarak benimsiyoruz.<\/strong><\/p>\n<p data-start=\"315\" data-end=\"497\">Y\u0131llard\u0131r s\u00fcregelen bilgi birikimimiz ve uzman ekibimizle, bireysel ve kurumsal projelerde y\u00fcksek standartlarda hizmet sunarak, m\u00fc\u015fterilerimizin hayallerini ger\u00e7e\u011fe d\u00f6n\u00fc\u015ft\u00fcr\u00fcyoruz.<\/p>\n<h3 data-start=\"499\" data-end=\"519\"><strong data-start=\"503\" data-end=\"517\">Misyonumuz<\/strong><\/h3>\n<p data-start=\"520\" data-end=\"730\">M\u00fc\u015fterilerimize en kaliteli ve g\u00fcvenli yap\u0131lar\u0131 sunarken, estetik ve fonksiyonelli\u011fi \u00f6n planda tutmak. Sekt\u00f6r\u00fcm\u00fczde \u00f6nc\u00fc projeler \u00fcreterek, \u00e7evreye duyarl\u0131, s\u00fcrd\u00fcr\u00fclebilir ve modern ya\u015fam alanlar\u0131 in\u015fa etmek.<\/p>\n<h3 data-start=\"732\" data-end=\"752\"><strong data-start=\"736\" data-end=\"750\">Vizyonumuz<\/strong><\/h3>\n<p data-start=\"753\" data-end=\"992\" data-is-last-node=\"\" data-is-only-node=\"\">Gelece\u011fin mimarisine y\u00f6n veren, yenilik\u00e7i ve global \u00f6l\u00e7ekte rekabet edebilen bir marka olmak. Kalite, g\u00fcven ve s\u00fcrd\u00fcr\u00fclebilirlik ilkelerimiz do\u011frultusunda in\u015faat sekt\u00f6r\u00fcnde fark yaratan projelere imza atarak, sekt\u00f6rde lider konuma ula\u015fmak.<\/p>\n<p>                    <\/div>\n                    <div class=\"clearfix\"><\/div>\n                <\/div>\n            <\/div>\n        <\/div>\n\t<\/div>\n\n[\/vc_column][\/vc_row][vc_row css=&#8221;.vc_custom_1495706002495{padding-top: 90px !important;padding-bottom: 90px !important;background-image: url(http:\/\/demo.archiwp.com\/wp-content\/uploads\/2015\/07\/bg-3.jpg?id=185) !important;background-position: center !important;background-repeat: no-repeat !important;background-size: cover !important;}&#8221; el_class=&#8221;bg-fixed&#8221;][vc_column animate=&#8221;fadeinup&#8221;]\n\t<!-- Element: OT Heading --> \t \n\t<h1 class=\"ot_custom_heading  \" style=\"text-align: center;color: #ffffff;\" >Yorumlar<\/h1>\t\n\t<!-- Element: OT Line solid --> \t \n\t<div class=\" separator \"><span><i class=\"fa fa-circle\"><\/i><\/span><\/div>\n\t<div class=\"spacer-single\"><\/div>\t      \n[\/vc_column][vc_column]\t<!-- Element: OT Testimonial Silder -->\t\n\t<div class=\"testimonial__carousel de_carousel wow fadeInUp\" data-wow-delay=\".3s\" data-visible=\"2\" data-autoplay=\"false\" data-autoheight=\"false\" data-speed=\"200\" data-navspeed=\"800\" data-rewinspeed=\"1000\">\n\t        <div class=\"col-md-12 item\">\n            <div class=\"de_testi\">\n                <blockquote>\n                    <p>G\u00fcvenilir, profesyonel ve i\u015fini ger\u00e7ekten iyi yapan bir ekip. Her a\u015famada bilgilendirildik ve sorular\u0131m\u0131za h\u0131zl\u0131ca yan\u0131t ald\u0131k. Kesinlikle tavsiye ederim<\/p>\n                    <div class=\"de_testi_by no-margin\">\n\n                    \t\n\t\t\t\t\t\t<div >\n                        \tAlper K., Customer                        <\/div>\n\n                    <\/div>\n                <\/blockquote>\n            <\/div>\n        <\/div>\n                <div class=\"col-md-12 item\">\n            <div class=\"de_testi\">\n                <blockquote>\n                    <p>\u0130\u015flerine g\u00f6sterdikleri titizlik ve m\u00fc\u015fteri memnuniyetine verdikleri \u00f6nem ger\u00e7ekten etkileyici. Hem tasar\u0131m hem de uygulama a\u015famas\u0131nda beklentilerimizi fazlas\u0131yla kar\u015f\u0131lad\u0131lar.<\/p>\n                    <div class=\"de_testi_by no-margin\">\n\n                    \t\n\t\t\t\t\t\t<div >\n                        \tMehmet Y., Customer                        <\/div>\n\n                    <\/div>\n                <\/blockquote>\n            <\/div>\n        <\/div>\n                <div class=\"col-md-12 item\">\n            <div class=\"de_testi\">\n                <blockquote>\n                    <p>Fatih Kara \u0130n\u015faat sayesinde hayal etti\u011fimiz yap\u0131 ger\u00e7e\u011fe d\u00f6n\u00fc\u015ft\u00fc. Zaman\u0131nda ve sorunsuz bir \u015fekilde teslim ald\u0131k. Eme\u011fi ge\u00e7en herkese te\u015fekk\u00fcrler<\/p>\n                    <div class=\"de_testi_by no-margin\">\n\n                    \t\n\t\t\t\t\t\t<div >\n                        \tOrkun U., Customer                        <\/div>\n\n                    <\/div>\n                <\/blockquote>\n            <\/div>\n        <\/div>\n            <\/div>\n\n[\/vc_column][\/vc_row][vc_row fullwidth=&#8221;yes&#8221; css=&#8221;.vc_custom_1442204650520{padding-top: 60px !important;padding-bottom: 60px !important;}&#8221; el_class=&#8221;call-to-action bg-color text-center&#8221;][vc_column]\t\t\t\n\t<!-- Element: OT Button --> \n\t\t\t<a href=\"#\" target=\"_self\" class=\"btn btn-line-black btn-big  \">\u0130leti\u015fim<\/a>\n\t    \n[\/vc_column][\/vc_row]<\/p>\n<\/div>","protected":false},"excerpt":{"rendered":"<p>[vc_row fullwidth=&#8221;yes&#8221; css=&#8221;.vc_custom_1474447060420{background-position: 0 0 !important;background-repeat: no-repeat !important;}&#8221; el_class=&#8221;side-bg no-padding&#8221;][vc_column][\/vc_column][\/vc_row][vc_row css=&#8221;.vc_custom_1495706002495{padding-top: 90px !important;padding-bottom: 90px !important;background-image: url(http:\/\/demo.archiwp.com\/wp-content\/uploads\/2015\/07\/bg-3.jpg?id=185) !important;background-position: center !important;background-repeat: no-repeat !important;background-size: cover !important;}&#8221; el_class=&#8221;bg-fixed&#8221;][vc_column animate=&#8221;fadeinup&#8221;][\/vc_column][vc_column][\/vc_column][\/vc_row][vc_row fullwidth=&#8221;yes&#8221; css=&#8221;.vc_custom_1442204650520{padding-top: 60px !important;padding-bottom: 60px !important;}&#8221; el_class=&#8221;call-to-action bg-color text-center&#8221;][vc_column][\/vc_column][\/vc_row]<\/p>\n","protected":false},"author":1,"featured_media":0,"parent":0,"menu_order":0,"comment_status":"open","ping_status":"open","template":"page-templates\/template-fullwidth.php","meta":{"footnotes":""},"class_list":["post-229","page","type-page","status-publish","hentry"],"_links":{"self":[{"href":"https:\/\/fatihkarainsaat.com\/index.php\/wp-json\/wp\/v2\/pages\/229","targetHints":{"allow":["GET"]}}],"collection":[{"href":"https:\/\/fatihkarainsaat.com\/index.php\/wp-json\/wp\/v2\/pages"}],"about":[{"href":"https:\/\/fatihkarainsaat.com\/index.php\/wp-json\/wp\/v2\/types\/page"}],"author":[{"embeddable":true,"href":"https:\/\/fatihkarainsaat.com\/index.php\/wp-json\/wp\/v2\/users\/1"}],"replies":[{"embeddable":true,"href":"https:\/\/fatihkarainsaat.com\/index.php\/wp-json\/wp\/v2\/comments?post=229"}],"version-history":[{"count":10,"href":"https:\/\/fatihkarainsaat.com\/index.php\/wp-json\/wp\/v2\/pages\/229\/revisions"}],"predecessor-version":[{"id":1734,"href":"https:\/\/fatihkarainsaat.com\/index.php\/wp-json\/wp\/v2\/pages\/229\/revisions\/1734"}],"wp:attachment":[{"href":"https:\/\/fatihkarainsaat.com\/index.php\/wp-json\/wp\/v2\/media?parent=229"}],"curies":[{"name":"wp","href":"https:\/\/api.w.org\/{rel}","templated":true}]}}