{"id":141,"date":"2015-07-24T03:26:17","date_gmt":"2015-07-24T03:26:17","guid":{"rendered":"http:\/\/demo.oceanthemes.net\/archi\/?page_id=141"},"modified":"2025-03-07T22:30:17","modified_gmt":"2025-03-07T19:30:17","slug":"homepage-slider","status":"publish","type":"page","link":"https:\/\/fatihkarainsaat.com\/","title":{"rendered":"Anasayfa"},"content":{"rendered":"<div class=\"wpb-content-wrapper\"><p>[vc_row fullwidth=&#8221;yes&#8221;][vc_column]\n\t\t\t\t<p class=\"rs-p-wp-fix\"><\/p>\n\t\t\t\t<sr7-module data-alias=\"home1\" data-id=\"1\" id=\"SR7_1_1\" class=\"rs-ov-hidden\" data-version=\"6.7.28\">\n\t\t\t\t\t<sr7-adjuster><\/sr7-adjuster>\n\t\t\t\t\t<sr7-content>\n\t\t\t\t\t\t<sr7-slide id=\"SR7_1_1-1\" data-key=\"1\">\n\t\t\t\t\t\t\t<sr7-bg id=\"SR7_1_1-1-12\" class=\"sr7-layer\"><noscript><img decoding=\"async\" src=\"https:\/\/fatihkarainsaat.com\/wp-content\/uploads\/2025\/02\/1.jpg\" alt=\"\" title=\"1\"><\/noscript><\/sr7-bg>\n\t\t\t\t\t\t\t<sr7-txt id=\"SR7_1_1-1-0\" class=\"sr7-layer\">Fatih kara in\u015faat & Proje<\/sr7-txt>\n\t\t\t\t\t\t\t<sr7-txt id=\"SR7_1_1-1-1\" class=\"sr7-layer\">Kaliteyi \u0130n\u015fa Ediyoruz!<\/sr7-txt>\n\t\t\t\t\t\t\t<a id=\"SR7_1_1-1-11\" class=\"sr7-layer\" href=\"#\" target=\"_self\" rel=\"nofollow\">Projeleri \u0130nceleyin ><\/a>\n\t\t\t\t\t\t<\/sr7-slide>\n\t\t\t\t\t\t<sr7-slide id=\"SR7_1_1-5\" data-key=\"5\">\n\t\t\t\t\t\t\t<sr7-bg id=\"SR7_1_1-5-12\" class=\"sr7-layer\"><noscript><img decoding=\"async\" src=\"https:\/\/fatihkarainsaat.com\/wp-content\/uploads\/2025\/02\/2.jpg\" alt=\"\" title=\"2\"><\/noscript><\/sr7-bg>\n\t\t\t\t\t\t\t<sr7-txt id=\"SR7_1_1-5-0\" class=\"sr7-layer\">Fatih kara in\u015faat & Proje<\/sr7-txt>\n\t\t\t\t\t\t\t<sr7-txt id=\"SR7_1_1-5-1\" class=\"sr7-layer\">Kaliteyi \u0130n\u015fa Ediyoruz!<\/sr7-txt>\n\t\t\t\t\t\t\t<a id=\"SR7_1_1-5-11\" class=\"sr7-layer\" href=\"#\" target=\"_self\" rel=\"nofollow\">Projeleri \u0130nceleyin ><\/a>\n\t\t\t\t\t\t<\/sr7-slide>\n\t\t\t\t\t\t<sr7-slide id=\"SR7_1_1-4\" data-key=\"4\">\n\t\t\t\t\t\t<\/sr7-slide>\n\t\t\t\t\t<\/sr7-content>\n\t\t\t\t\t<image_lists style=\"display:none\">\n\t\t\t\t\t\t<img data-src=\"\/\/fatihkarainsaat.com\/wp-content\/uploads\/2025\/02\/1.jpg\" data-libid=\"1656\" data-lib=\"medialibrary\" title=\"1\" width=\"0\" height=\"0\" data-dbsrc=\"Ly9mYXRpaGthcmFpbnNhYXQuY29tL3dwLWNvbnRlbnQvdXBsb2Fkcy8yMDI1LzAyLzEuanBn\"\/>\n\t\t\t\t\t\t<img data-src=\"\/\/fatihkarainsaat.com\/wp-content\/uploads\/2025\/02\/2.jpg\" data-libid=\"1657\" data-lib=\"medialibrary\" title=\"2\" width=\"0\" height=\"0\" data-dbsrc=\"Ly9mYXRpaGthcmFpbnNhYXQuY29tL3dwLWNvbnRlbnQvdXBsb2Fkcy8yMDI1LzAyLzIuanBn\"\/>\n\t\t\t\t\t<\/image_lists>\n\t\t\t\t<\/sr7-module>\n\t\t\t\t<script>\n\t\t\t\t\tSR7.PMH ??={}; SR7.PMH[\"SR7_1_1\"] = {cn:100,state:false,fn: function() { if (_tpt!==undefined && _tpt.prepareModuleHeight !== undefined) {  _tpt.prepareModuleHeight({id:\"SR7_1_1\",el:[500,500,768,960,720],type:'standard',shdw:'0',gh:[500,500,768,960,720],gw:[1170,1170,1024,778,480],vpt:['-100px&#039;,&#039;-100px&#039;,&#039;-100px&#039;,&#039;-100px&#039;,&#039;-100px'],size:{fullWidth:true, fullHeight:true},fho:'',mh:'0',onh:0,onw:0,bg:{color:'{\"type\":\"solid\",\"orig\":\"#e9e9e9\",\"string\":\"rgba(233, 233, 233, 1)\"}'},plType:'-1',plColor:'#FFFFFF'});   SR7.PMH[\"SR7_1_1\"].state=true;} else if(SR7.PMH[\"SR7_1_1\"].cn-->0)\tsetTimeout( SR7.PMH[\"SR7_1_1\"].fn,19);}};SR7.PMH[\"SR7_1_1\" ].fn();\n\t\t\t\t<\/script>\n[\/vc_column][\/vc_row][vc_row css=&#8221;.vc_custom_1739389443364{padding-top: 90px !important;padding-bottom: 60px !important;}&#8221;][vc_column animate=&#8221;fadeinup&#8221;]\n\t<!-- Element: OT Heading --> \t \n\t<h1 class=\"ot_custom_heading  \" style=\"text-align: center;\" >\u00d6ne \u00c7\u0131kan Projeler<\/h1>\t\n\t<!-- Element: OT Line solid --> \t \n\t<div class=\" separator \"><span><i class=\"fa fa-circle\"><\/i><\/span><\/div>\n\t<div class=\"spacer-single\"><\/div>\t      \n[\/vc_column][vc_column width=&#8221;1\/3&#8243; animate=&#8221;fadeinleft&#8221;]\n\t<!-- Element: OT Heading --> \t \n\t<h3 class=\"ot_custom_heading  \" style=\"\" ><b>\u00d6rnek<\/b> Proje<\/h3>\t\n[vc_column_text css=&#8221;.vc_custom_1739389797006{margin-bottom: 30px !important;}&#8221;]Firmam\u0131z, g\u00fcvenilir ve estetik yap\u0131lar in\u015fa ederek ya\u015fam alanlar\u0131n\u0131 d\u00f6n\u00fc\u015ft\u00fcrmektedir. Uzman ekibimiz, yenilik\u00e7i tasar\u0131mlar ve m\u00fchendislik \u00e7\u00f6z\u00fcmleriyle sa\u011flam, s\u00fcrd\u00fcr\u00fclebilir projeler geli\u015ftirmektedir. Kaliteli malzeme ve modern tekniklerle, konut ve ticari yap\u0131lar i\u00e7in ideal \u00e7\u00f6z\u00fcmler sunuyoruz.[\/vc_column_text][vc_single_image image=&#8221;1664&#8243; img_size=&#8221;full&#8221; css=&#8221;&#8221;][\/vc_column][vc_column width=&#8221;1\/3&#8243; animate=&#8221;fadeinup&#8221;]\n\t<!-- Element: OT Heading --> \t \n\t<h3 class=\"ot_custom_heading  \" style=\"\" ><b>\u00d6RNEK <\/b>Proje<\/h3>\t\n[vc_column_text css=&#8221;.vc_custom_1739983516380{margin-bottom: 30px !important;}&#8221;]Firmam\u0131z, g\u00fcvenilir ve estetik yap\u0131lar in\u015fa ederek ya\u015fam alanlar\u0131n\u0131 d\u00f6n\u00fc\u015ft\u00fcrmektedir. Uzman ekibimiz, yenilik\u00e7i tasar\u0131mlar ve m\u00fchendislik \u00e7\u00f6z\u00fcmleriyle sa\u011flam, s\u00fcrd\u00fcr\u00fclebilir projeler geli\u015ftirmektedir. Kaliteli malzeme ve modern tekniklerle, konut ve ticari yap\u0131lar i\u00e7in ideal \u00e7\u00f6z\u00fcmler sunuyoruz.[\/vc_column_text][vc_single_image image=&#8221;1656&#8243; img_size=&#8221;full&#8221; css=&#8221;&#8221;][\/vc_column][vc_column width=&#8221;1\/3&#8243; animate=&#8221;fadinright&#8221;]\n\t<!-- Element: OT Heading --> \t \n\t<h3 class=\"ot_custom_heading  \" style=\"\" ><b>\u00d6rnek<\/b> Proje<\/h3>\t\n[vc_column_text css=&#8221;.vc_custom_1739983522349{margin-bottom: 30px !important;}&#8221;]Firmam\u0131z, g\u00fcvenilir ve estetik yap\u0131lar in\u015fa ederek ya\u015fam alanlar\u0131n\u0131 d\u00f6n\u00fc\u015ft\u00fcrmektedir. Uzman ekibimiz, yenilik\u00e7i tasar\u0131mlar ve m\u00fchendislik \u00e7\u00f6z\u00fcmleriyle sa\u011flam, s\u00fcrd\u00fcr\u00fclebilir projeler geli\u015ftirmektedir. Kaliteli malzeme ve modern tekniklerle, konut ve ticari yap\u0131lar i\u00e7in ideal \u00e7\u00f6z\u00fcmler sunuyoruz.[\/vc_column_text][vc_single_image image=&#8221;1665&#8243; img_size=&#8221;full&#8221; css=&#8221;&#8221;][\/vc_column][\/vc_row][vc_row css=&#8221;.vc_custom_1495189740104{padding-top: 90px !important;padding-bottom: 90px !important;background-image: url(http:\/\/demo.oceanthemes.net\/archi\/wp-content\/uploads\/2016\/08\/bg-17.jpg?id=1036) !important;}&#8221; el_class=&#8221;bg-fixed&#8221;][vc_column width=&#8221;1\/2&#8243;][vc_column_text css=&#8221;&#8221;]<\/p>\n<h2>Hakk\u0131m\u0131zda<\/h2>\n<p class=\"lead\">Fatih Kara \u0130n\u015faat, y\u0131llar\u0131n deneyimiyle kaliteli ve g\u00fcvenilir projeler sunar. M\u00fc\u015fteri memnuniyetini \u00f6n planda tutarak modern, dayan\u0131kl\u0131 yap\u0131lar in\u015fa eder. Yenilik\u00e7i \u00e7\u00f6z\u00fcmlerle sekt\u00f6rde fark yarat\u0131r. Uzman ekibiyle konut, ticari ve end\u00fcstriyel projelerde \u00fcst\u00fcn hizmet sunar.<\/p>\n<p>Kalite, g\u00fcven ve estetik anlay\u0131\u015f\u0131n\u0131 temel alarak, her projeyi titizlikle y\u00f6netiyoruz. S\u00fcrd\u00fcr\u00fclebilir ve yenilik\u00e7i \u00e7\u00f6z\u00fcmlerle sekt\u00f6rde \u00f6nc\u00fc olmay\u0131 hedefliyoruz. M\u00fc\u015fterilerimize en iyi hizmeti sunmak i\u00e7in modern teknolojileri ve m\u00fchendislik prensiplerini bir araya getiriyoruz. Dayan\u0131kl\u0131 ve konforlu yap\u0131lar in\u015fa ederek gelece\u011fe de\u011fer kat\u0131yoruz.<\/p>\n<p><a class=\"btn-custom\" href=\"#\">Hakk\u0131m\u0131zda &gt; <\/a>[\/vc_column_text][\/vc_column][vc_column width=&#8221;1\/2&#8243;][vc_single_image image=&#8221;1182&#8243; img_size=&#8221;full&#8221; css=&#8221;.vc_custom_1495189612666{margin-bottom: 0px !important;}&#8221;][\/vc_column][\/vc_row][vc_row css=&#8221;.vc_custom_1741375734162{padding-top: 90px !important;padding-bottom: 90px !important;background-image: url(https:\/\/fatihkarainsaat.com\/wp-content\/uploads\/2025\/02\/Adsiz-tasarim-2025-02-19T172005.914.png?id=1686) !important;background-position: center !important;background-repeat: no-repeat !important;background-size: cover !important;}&#8221; el_class=&#8221;bg-fixed&#8221;][vc_column animate=&#8221;fadeinup&#8221;]\n\t<!-- Element: OT Heading --> \t \n\t<h1 class=\"ot_custom_heading  \" style=\"text-align: center;color: #ffffff;\" >\u0130\u015f S\u00fcre\u00e7lerimiz<\/h1>\t\n\t<!-- Element: OT Line solid --> \t \n\t<div class=\" separator \"><span><i class=\"fa fa-circle\"><\/i><\/span><\/div>\n\t<div class=\"spacer-single\"><\/div>\t      \n[\/vc_column][vc_column]\n\t<!-- Element: OT Process -->\n    <div class=\"de_tab tab_steps tab_4  \">\n        <ul class=\"de_nav process-circle-textonly\">\n\t        \t            <li class=\"active wow fadeIn \" data-wow-delay=\"0.4s\">\n\t            \t<span class=\"content-mid\">\n\t            \t\t<div class=\"inner\">\t\t\n\t            \t\t\tKe\u015fif\t            \t\t<\/div>\n\t            \t<\/span>\t\t        \n\t\t            <div class=\"v-border\"><\/div>\n\t            <\/li>\n\t            \n\t        \t            <li class=\" wow fadeIn \" data-wow-delay=\"0.8s\">\n\t            \t<span class=\"content-mid\">\n\t            \t\t<div class=\"inner\">\t\t\n\t            \t\t\tTasar\u0131m\t            \t\t<\/div>\n\t            \t<\/span>\t\t        \n\t\t            <div class=\"v-border\"><\/div>\n\t            <\/li>\n\t            \n\t        \t            <li class=\" wow fadeIn \" data-wow-delay=\"1.2s\">\n\t            \t<span class=\"content-mid\">\n\t            \t\t<div class=\"inner\">\t\t\n\t            \t\t\tUygulama\t            \t\t<\/div>\n\t            \t<\/span>\t\t        \n\t\t            <div class=\"v-border\"><\/div>\n\t            <\/li>\n\t            \n\t        \t            <li class=\" wow fadeIn \" data-wow-delay=\"1.6s\">\n\t            \t<span class=\"content-mid\">\n\t            \t\t<div class=\"inner\">\t\t\n\t            \t\t\tTeslim\t            \t\t<\/div>\n\t            \t<\/span>\t\t        \n\t\t            <div class=\"v-border\"><\/div>\n\t            <\/li>\n\t            \n\t                <\/ul>\n\n        <div class=\"de_tab_content\">\n\t        \t            <div id=\"tab-580\" class=\"de_tab_content_inner\">\n\t                <p>Projeye ba\u015flamadan \u00f6nce ihtiya\u00e7lar\u0131n belirlenmesi, mevcut ko\u015fullar\u0131n analiz edilmesi ve fizibilite \u00e7al\u0131\u015fmalar\u0131n\u0131n yap\u0131lmas\u0131n\u0131 i\u00e7eren a\u015famad\u0131r. Bu s\u00fcre\u00e7te, proje hedefleri netle\u015ftirilir ve uygulanabilirli\u011fi de\u011ferlendirilir. Ayn\u0131 zamanda, maliyet, s\u00fcre ve teknik gereksinimler analiz edilerek proje planlamas\u0131n\u0131n temel ad\u0131mlar\u0131 olu\u015fturulur. Ke\u015fif s\u00fcreci, ilerleyen a\u015famalarda kar\u015f\u0131la\u015f\u0131labilecek olas\u0131 sorunlar\u0131n \u00f6nceden \u00f6ng\u00f6r\u00fclmesini ve en uygun \u00e7\u00f6z\u00fcmlerin belirlenmesini sa\u011flar. Do\u011fru bir ke\u015fif a\u015famas\u0131, projenin ba\u015far\u0131l\u0131 bir \u015fekilde ilerleyebilmesi i\u00e7in kritik bir ad\u0131md\u0131r.<\/p>\n\t            <\/div>\n\t        \t            <div id=\"tab-579\" class=\"de_tab_content_inner\">\n\t                <p>Bu a\u015famada, projeye dair t\u00fcm teknik \u00e7izimler, m\u00fchendislik hesaplamalar\u0131 ve mimari detaylar haz\u0131rlan\u0131r. Kullan\u0131lacak malzemeler belirlenir, yap\u0131sal gereklilikler g\u00f6z \u00f6n\u00fcne al\u0131narak tasar\u0131m s\u00fcreci \u015fekillendirilir. M\u00fc\u015fteri ihtiya\u00e7lar\u0131 ve beklentileri do\u011frultusunda estetik ve i\u015flevselli\u011fin birle\u015fti\u011fi bir plan olu\u015fturulur. Ayn\u0131 zamanda, \u00e7e\u015fitli sim\u00fclasyonlar ve modellemeler yap\u0131larak tasar\u0131m\u0131n uygulanabilirli\u011fi test edilir. Tasar\u0131m a\u015famas\u0131n\u0131n titizlikle y\u00fcr\u00fct\u00fclmesi, sonraki uygulama s\u00fcrecinde hatalar\u0131n \u00f6n\u00fcne ge\u00e7ilmesini ve maliyetlerin kontrol alt\u0131nda tutulmas\u0131n\u0131 sa\u011flar.<\/p>\n\t            <\/div>\n\t        \t            <div id=\"tab-578\" class=\"de_tab_content_inner\">\n\t                <p>Projede belirlenen tasar\u0131m do\u011frultusunda in\u015faat s\u00fcreci ba\u015flar ve saha \u00e7al\u0131\u015fmalar\u0131 y\u00fcr\u00fct\u00fcl\u00fcr. Bu a\u015famada, malzeme tedari\u011fi sa\u011flan\u0131r, i\u015f plan\u0131na uygun olarak ekiplerin sahada g\u00f6rev almas\u0131 sa\u011flan\u0131r. \u0130n\u015faat\u0131n her a\u015famas\u0131 d\u00fczenli olarak denetlenir ve kalite kontrol s\u00fcre\u00e7leri i\u015fletilir. \u00c7al\u0131\u015fmalar\u0131n belirlenen zaman \u00e7izelgesine uygun ilerlemesi i\u00e7in gerekli koordinasyon sa\u011flan\u0131r. Ayr\u0131ca, ortaya \u00e7\u0131kabilecek teknik aksakl\u0131klar an\u0131nda \u00e7\u00f6z\u00fcme kavu\u015fturularak i\u015flerin kesintisiz devam etmesi ama\u00e7lan\u0131r. Ba\u015far\u0131l\u0131 bir uygulama s\u00fcreci, projenin sa\u011flam ve g\u00fcvenli bir \u015fekilde tamamlanmas\u0131n\u0131 garanti eder.<\/p>\n\t            <\/div>\n\t        \t            <div id=\"tab-577\" class=\"de_tab_content_inner\">\n\t                <p>Projenin tamamlanmas\u0131n\u0131n ard\u0131ndan son kontroller ger\u00e7ekle\u015ftirilir ve i\u015fverenin onay\u0131na sunulur. Kalite standartlar\u0131na uygunluk denetlenerek varsa eksiklikler giderilir. Yap\u0131lan \u00e7al\u0131\u015fmalar\u0131n belgeleri haz\u0131rlan\u0131r ve m\u00fc\u015fteri ile detayl\u0131 bir teslim s\u00fcreci y\u00fcr\u00fct\u00fcl\u00fcr. Kullan\u0131m a\u015famas\u0131nda dikkat edilmesi gereken unsurlar aktar\u0131l\u0131r ve gerekli teknik destek sa\u011flan\u0131r. Teslim s\u00fcrecinin d\u00fczg\u00fcn tamamlanmas\u0131, m\u00fc\u015fteri memnuniyetinin sa\u011flanmas\u0131 a\u00e7\u0131s\u0131ndan b\u00fcy\u00fck \u00f6nem ta\u015f\u0131r. Son olarak, proje kapsam\u0131nda belirlenen t\u00fcm \u015fartlar yerine getirildi\u011finde, yap\u0131n\u0131n resmi olarak teslim edilmesiyle s\u00fcre\u00e7 tamamlan\u0131r.<\/p>\n\t            <\/div>\n\t                <\/div>\n    <\/div>\n\n[\/vc_column][\/vc_row][vc_row fullwidth=&#8221;yes&#8221;][vc_column]  \n\n\t<!-- Element: OT Portfolio Filter -->\n\t<div class=\"projects-grid-wrapper\">\n\t\t\t\t\t<div class=\"container\">\n\t\t    \t<!-- portfolio filter begin -->\n\t\t\t    <div class=\"row\">\n\t\t\t        <div class=\"col-md-12 text-center\">\n\t\t\t            <ul id=\"filter\" class=\"project_filters wow fadeInUp listed_taxonomy_filters\" data-wow-delay=\"0s\">\n\t\t\t            \t<li><a href=\"#\" data-filter=\"*\" class=\"selected\">ALL PROJECT<\/a><\/li>                    \n\t\t\t                <li class=\"cate_parent\"><a href=\"#\" data-filter=\".category-34\">Devam Eden Projeler<\/a><\/li>                    \n\t\t\t            <\/ul>\n\t\t\t        <\/div>\n\t\t\t    <\/div>\n\t\t    \t<!-- portfolio filter close -->\n\t\t    <\/div>\n\t    \n\t    <div class=\"projects-grid projects-load-ajax overlay_s1  pf_4_cols\" style=\"margin: -0px 0px\">\n\t    \t<div class=\"project-item-sizer\"><\/div>\n\t                     \n\t        <!-- gallery item -->\n\t        <div class=\"project-item category-34 \" style=\"padding:0px\">\n\t        \t<div class=\"projects-box\">\n\t\t\t\t\t<div class=\"projects-thumbnail\">\n\t\t\t\t\t\t<img loading=\"lazy\" decoding=\"async\" width=\"750\" height=\"499\" src=\"https:\/\/fatihkarainsaat.com\/wp-content\/uploads\/2025\/04\/1-750x499.jpg\" class=\"attachment-thumb-portfolio size-thumb-portfolio wp-post-image\" alt=\"\" title=\"1\" \/>\t\t\t\t\t<\/div>\t\t\t\t\t\t\t\n\t\t\t\t\t<a class=\"single-ajax-popup\" href=\"https:\/\/fatihkarainsaat.com\/index.php\/portfolio\/kara-point\/\">\n\t\t\t\t\t\t<span class=\"project-overlay\">\n\t\t\t\t\t\t\t<span class=\"project-name id-color\">Kara Point<\/span>\t\n\t\t\t\t\t\t<\/span>\n\t\t\t\t\t<\/a>\t\n\t\t\t\t<\/div>\n\t        <\/div>        \n\t        <!-- close gallery item -->\n\t                     \n\t        <!-- gallery item -->\n\t        <div class=\"project-item \" style=\"padding:0px\">\n\t        \t<div class=\"projects-box\">\n\t\t\t\t\t<div class=\"projects-thumbnail\">\n\t\t\t\t\t\t<img loading=\"lazy\" decoding=\"async\" width=\"750\" height=\"499\" src=\"https:\/\/fatihkarainsaat.com\/wp-content\/uploads\/2025\/02\/2-2-750x499.jpg\" class=\"attachment-thumb-portfolio size-thumb-portfolio wp-post-image\" alt=\"\" title=\"2\" \/>\t\t\t\t\t<\/div>\t\t\t\t\t\t\t\n\t\t\t\t\t<a class=\"single-ajax-popup\" href=\"https:\/\/fatihkarainsaat.com\/index.php\/portfolio\/fatih-kara-insaat\/\">\n\t\t\t\t\t\t<span class=\"project-overlay\">\n\t\t\t\t\t\t\t<span class=\"project-name id-color\">Fatih Kara \u0130n\u015faat<\/span>\t\n\t\t\t\t\t\t<\/span>\n\t\t\t\t\t<\/a>\t\n\t\t\t\t<\/div>\n\t        <\/div>        \n\t        <!-- close gallery item -->\n\t        \t    <\/div>\n\t    \t    \t<\/div>\n[\/vc_column][\/vc_row][vc_row fullwidth=&#8221;yes&#8221; css=&#8221;.vc_custom_1442204741977{padding-top: 60px !important;padding-bottom: 60px !important;}&#8221; el_class=&#8221;call-to-action bg-color text-center&#8221;][vc_column]\t\t\t\n\t<!-- Element: OT Button --> \n\t\t\t<a href=\"https:\/\/fatihkarainsaat.com\/index.php\/projelerimiz\/\" target=\"_self\" class=\"btn btn-line-black btn-big  \">T\u00fcm Projeleri G\u00f6r\u00fcnt\u00fcle<\/a>\n\t    \n[\/vc_column][\/vc_row][vc_row css=&#8221;.vc_custom_1741375611704{padding-top: 90px !important;padding-bottom: 90px !important;background-image: url(https:\/\/fatihkarainsaat.com\/wp-content\/uploads\/2025\/02\/Adsiz-tasarim-2025-02-19T194931.111.png?id=1708) !important;}&#8221; el_class=&#8221;bg-fixed&#8221;][vc_column animate=&#8221;fadeinup&#8221;]\n\t<!-- Element: OT Heading --> \t \n\t<h1 class=\"ot_custom_heading  \" style=\"text-align: center;color: #eceff3;\" >Referans Yorumlar<\/h1>\t\n\t<!-- Element: OT Line solid --> \t \n\t<div class=\" separator \"><span><i class=\"fa fa-circle\"><\/i><\/span><\/div>\n\t<div class=\"spacer-single\"><\/div>\t      \n\t<!-- Element: OT Testimonial Silder -->\t\n\t<div class=\"testimonial__carousel de_carousel wow fadeInUp\" data-wow-delay=\".3s\" data-visible=\"2\" data-autoplay=\"false\" data-autoheight=\"false\" data-speed=\"200\" data-navspeed=\"800\" data-rewinspeed=\"1000\">\n\t        <div class=\"col-md-12 item\">\n            <div class=\"de_testi\">\n                <blockquote>\n                    <p>G\u00fcvenilir, profesyonel ve i\u015fini ger\u00e7ekten iyi yapan bir ekip. Her a\u015famada bilgilendirildik ve sorular\u0131m\u0131za h\u0131zl\u0131ca yan\u0131t ald\u0131k. Kesinlikle tavsiye ederim<\/p>\n                    <div class=\"de_testi_by no-margin\">\n\n                    \t\n\t\t\t\t\t\t<div >\n                        \tAlper K., Customer                        <\/div>\n\n                    <\/div>\n                <\/blockquote>\n            <\/div>\n        <\/div>\n                <div class=\"col-md-12 item\">\n            <div class=\"de_testi\">\n                <blockquote>\n                    <p>\u0130\u015flerine g\u00f6sterdikleri titizlik ve m\u00fc\u015fteri memnuniyetine verdikleri \u00f6nem ger\u00e7ekten etkileyici. Hem tasar\u0131m hem de uygulama a\u015famas\u0131nda beklentilerimizi fazlas\u0131yla kar\u015f\u0131lad\u0131lar.<\/p>\n                    <div class=\"de_testi_by no-margin\">\n\n                    \t\n\t\t\t\t\t\t<div >\n                        \tMehmet Y., Customer                        <\/div>\n\n                    <\/div>\n                <\/blockquote>\n            <\/div>\n        <\/div>\n                <div class=\"col-md-12 item\">\n            <div class=\"de_testi\">\n                <blockquote>\n                    <p>Fatih Kara \u0130n\u015faat sayesinde hayal etti\u011fimiz yap\u0131 ger\u00e7e\u011fe d\u00f6n\u00fc\u015ft\u00fc. Zaman\u0131nda ve sorunsuz bir \u015fekilde teslim ald\u0131k. Eme\u011fi ge\u00e7en herkese te\u015fekk\u00fcrler<\/p>\n                    <div class=\"de_testi_by no-margin\">\n\n                    \t\n\t\t\t\t\t\t<div >\n                        \tOrkun U., Customer                        <\/div>\n\n                    <\/div>\n                <\/blockquote>\n            <\/div>\n        <\/div>\n            <\/div>\n\n[\/vc_column][\/vc_row][vc_row][vc_column][\/vc_column][\/vc_row]<\/p>\n<\/div>","protected":false},"excerpt":{"rendered":"<p>[vc_row fullwidth=&#8221;yes&#8221;][vc_column][\/vc_column][\/vc_row][vc_row css=&#8221;.vc_custom_1739389443364{padding-top: 90px !important;padding-bottom: 60px !important;}&#8221;][vc_column animate=&#8221;fadeinup&#8221;][\/vc_column][vc_column width=&#8221;1\/3&#8243; animate=&#8221;fadeinleft&#8221;][vc_column_text css=&#8221;.vc_custom_1739389797006{margin-bottom: 30px !important;}&#8221;]Firmam\u0131z, g\u00fcvenilir ve estetik yap\u0131lar in\u015fa ederek ya\u015fam alanlar\u0131n\u0131 d\u00f6n\u00fc\u015ft\u00fcrmektedir. Uzman ekibimiz, yenilik\u00e7i tasar\u0131mlar ve m\u00fchendislik \u00e7\u00f6z\u00fcmleriyle sa\u011flam, s\u00fcrd\u00fcr\u00fclebilir projeler geli\u015ftirmektedir. Kaliteli malzeme ve modern tekniklerle, konut ve ticari yap\u0131lar i\u00e7in ideal \u00e7\u00f6z\u00fcmler sunuyoruz.[\/vc_column_text][vc_single_image image=&#8221;1664&#8243; img_size=&#8221;full&#8221; css=&#8221;&#8221;][\/vc_column][vc_column width=&#8221;1\/3&#8243; animate=&#8221;fadeinup&#8221;][vc_column_text css=&#8221;.vc_custom_1739983516380{margin-bottom: 30px !important;}&#8221;]Firmam\u0131z, g\u00fcvenilir [&hellip;]<\/p>\n","protected":false},"author":1,"featured_media":0,"parent":0,"menu_order":0,"comment_status":"open","ping_status":"open","template":"page-templates\/template-canvas.php","meta":{"footnotes":""},"class_list":["post-141","page","type-page","status-publish","hentry"],"_links":{"self":[{"href":"https:\/\/fatihkarainsaat.com\/index.php\/wp-json\/wp\/v2\/pages\/141","targetHints":{"allow":["GET"]}}],"collection":[{"href":"https:\/\/fatihkarainsaat.com\/index.php\/wp-json\/wp\/v2\/pages"}],"about":[{"href":"https:\/\/fatihkarainsaat.com\/index.php\/wp-json\/wp\/v2\/types\/page"}],"author":[{"embeddable":true,"href":"https:\/\/fatihkarainsaat.com\/index.php\/wp-json\/wp\/v2\/users\/1"}],"replies":[{"embeddable":true,"href":"https:\/\/fatihkarainsaat.com\/index.php\/wp-json\/wp\/v2\/comments?post=141"}],"version-history":[{"count":28,"href":"https:\/\/fatihkarainsaat.com\/index.php\/wp-json\/wp\/v2\/pages\/141\/revisions"}],"predecessor-version":[{"id":1749,"href":"https:\/\/fatihkarainsaat.com\/index.php\/wp-json\/wp\/v2\/pages\/141\/revisions\/1749"}],"wp:attachment":[{"href":"https:\/\/fatihkarainsaat.com\/index.php\/wp-json\/wp\/v2\/media?parent=141"}],"curies":[{"name":"wp","href":"https:\/\/api.w.org\/{rel}","templated":true}]}}